{"id":3206,"date":"2025-02-24T19:47:00","date_gmt":"2025-02-24T19:47:00","guid":{"rendered":"https:\/\/mobilobike.com\/?post_type=product&#038;p=3206"},"modified":"2025-08-15T14:33:56","modified_gmt":"2025-08-15T14:33:56","slug":"batterie-velo-hilltecks-36v","status":"publish","type":"product","link":"https:\/\/mobilobike.com\/fr\/produit\/batterie-velo-hilltecks-36v\/","title":{"rendered":"Batterie v\u00e9lo Hilltecks 36V"},"content":{"rendered":"<div>\n<div class=\"border-borderMain\/50 ring-borderMain\/50 divide-borderMain\/50 dark:divide-borderMainDark\/50  dark:ring-borderMainDark\/50 dark:border-borderMainDark\/50 bg-transparent\">\n<div class=\"mb-md\">\n<div class=\"relative default font-sans text-base text-textMain dark:text-textMainDark selection:bg-super\/50 selection:text-textMain dark:selection:bg-superDuper\/10 dark:selection:text-superDark\">\n<div class=\"min-w-0 break-words [word-break:break-word]\">\n<div id=\"markdown-content-17\" dir=\"auto\">\n<div class=\"prose text-pretty dark:prose-invert inline leading-normal break-words min-w-0 [word-break:break-word]\">\n<h2>La Batterie v\u00e9lo Hilltecks 36V<\/h2>\n<p class=\"my-0\">La Batterie v\u00e9lo Hilltecks 36V est disponible en deux capacit\u00e9s : 10Ah et 19.2Ah, avec un connecteur \u00e0 4 broches.<\/p>\n<h2 class=\"mb-2 mt-6 text-lg font-[500] first:mt-3\"><button class=\"hover:duration-80 duration-800 cursor-pointer text-left align-baseline inline underline decoration-textOff\/25 decoration-1 underline-offset-[5px] animate-underlineFade after:content-[&quot;&quot;] hover:text-super hover:decoration-super\/80 hover:underline-offset-[7px] dark:decoration-textOffDark\/30 dark:hover:text-superDark dark:hover:decoration-superDark\/80 transition-all motion-reduce:transition-none appearance-none bg-transparent border-0 p-0 m-0 [td_&amp;]:table-cell align-baseline\" type=\"button\" data-state=\"closed\">Caract\u00e9ristiques principales<\/button><\/h2>\n<ul class=\"marker:text-textOff list-disc\">\n<li>\n<p class=\"my-0\">Tension : 36V<\/p>\n<\/li>\n<li>\n<p class=\"my-0\">Capacit\u00e9s : 10Ah (360Wh) et 19.2Ah (691Wh)<\/p>\n<\/li>\n<li>\n<p class=\"my-0\">Connecteur : 4 broches<\/p>\n<\/li>\n<li>\n<p class=\"my-0\">Type : Lithium-ion<\/p>\n<\/li>\n<li>\n<p class=\"my-0\">Compatibilit\u00e9 : V\u00e9los \u00e9lectriques Hilltecks et autres marques compatibles<\/p>\n<\/li>\n<\/ul>\n<h2 class=\"mb-2 mt-6 text-lg font-[500] first:mt-3\"><button class=\"hover:duration-80 duration-800 cursor-pointer text-left align-baseline inline underline decoration-textOff\/25 decoration-1 underline-offset-[5px] animate-underlineFade after:content-[&quot;&quot;] hover:text-super hover:decoration-super\/80 hover:underline-offset-[7px] dark:decoration-textOffDark\/30 dark:hover:text-superDark dark:hover:decoration-superDark\/80 transition-all motion-reduce:transition-none appearance-none bg-transparent border-0 p-0 m-0 [td_&amp;]:table-cell align-baseline\" type=\"button\" data-state=\"closed\">Avantages<\/button><\/h2>\n<ul class=\"marker:text-textOff list-disc\">\n<li>\n<p class=\"my-0\">Deux options de capacit\u00e9 pour diff\u00e9rents besoins d&rsquo;autonomie<\/p>\n<\/li>\n<li>\n<p class=\"my-0\">Compatible avec de nombreux mod\u00e8les de v\u00e9los \u00e9lectriques Hilltecks<\/p>\n<\/li>\n<li>\n<p class=\"my-0\">Technologie lithium-ion pour une meilleure dur\u00e9e de vie et performance<\/p>\n<\/li>\n<li>\n<p class=\"my-0\">Connecteur 4 broches standard pour une installation facile<\/p>\n<\/li>\n<\/ul>\n<h2 class=\"mb-2 mt-6 text-lg font-[500] first:mt-3\"><button class=\"hover:duration-80 duration-800 cursor-pointer text-left align-baseline inline underline decoration-textOff\/25 decoration-1 underline-offset-[5px] animate-underlineFade after:content-[&quot;&quot;] hover:text-super hover:decoration-super\/80 hover:underline-offset-[7px] dark:decoration-textOffDark\/30 dark:hover:text-superDark dark:hover:decoration-superDark\/80 transition-all motion-reduce:transition-none appearance-none bg-transparent border-0 p-0 m-0 [td_&amp;]:table-cell align-baseline\" type=\"button\" data-state=\"closed\">Consid\u00e9rations d&rsquo;utilisation<\/button><\/h2>\n<ul class=\"marker:text-textOff list-disc\">\n<li>\n<p class=\"my-0\">Autonomie :<\/p>\n<ul class=\"marker:text-textOff list-disc\">\n<li>\n<p class=\"my-0\">10Ah : environ 40-55 km<\/p>\n<\/li>\n<li>\n<p class=\"my-0\">19.2Ah : jusqu&rsquo;\u00e0 100 km (selon les conditions)<\/p>\n<\/li>\n<\/ul>\n<\/li>\n<li>\n<p class=\"my-0\">Temps de charge : 4-5 heures pour la version 10Ah<\/p>\n<\/li>\n<li>\n<p class=\"my-0\">Garantie : 2 ans<\/p>\n<\/li>\n<\/ul>\n<p class=\"my-0\">Cette batterie Hilltecks 36V offre une solution de remplacement ou de mise \u00e0 niveau fiable pour les propri\u00e9taires de v\u00e9los \u00e9lectriques Hilltecks, avec le choix entre une capacit\u00e9 standard de 10Ah ou une version haute capacit\u00e9 de 19.2Ah pour une autonomie prolong\u00e9e.<\/p>\n<\/div>\n<\/div>\n<div class=\"product__detail__infos__item\">\n<div class=\"product__detail__infos__item__cell\">\n<section class=\"product__detail__infos\">\n<div id=\"productDetails\" class=\"collapse show\">\n<div class=\"product__detail__infos__item\"><\/div>\n<\/div>\n<\/section>\n<section class=\"product__detail__infos\">\n<div id=\"productCompatibility\" class=\"collapse show\">\n<h2 class=\"product__detail__infos__title\">Compatibilit\u00e9<\/h2>\n<ul>\n<li>Easy Bike | Easymini Premium 2012<br \/>\nMoma Bikes | E-Bike 20<br \/>\nMoma Bikes | E-Bike 26<br \/>\nMoov In | Dodi<br \/>\nMoov In | Fold<br \/>\nMoov In | Liberty<br \/>\nTommyBike | TOMY ROAD<br \/>\nTommyBike | TOMY SMART<br \/>\nTommyBike | TOMY CITY START<br \/>\nWattitud | Dolce Vita<br \/>\nWattitud | E-bob<br \/>\nWattitud | E-Country<br \/>\nWattitud | E-Discover<br \/>\nHilltecks | Richard Virenque<br \/>\nHilltecks | V\u00e9lo urbain HC-36V Brake<br \/>\nHilltecks | VTC HV-36V<br \/>\nHilltecks | V\u00e9lo pliable HP-36V<\/li>\n<\/ul>\n<\/div>\n<\/section>\n<\/div>\n<\/div>\n<\/div>\n<\/div>\n<\/div>\n<\/div>\n<\/div>","protected":false},"excerpt":{"rendered":"<p>La batterie Hilltecks 36V offre une solution de remplacement ou de mise \u00e0 niveau fiable pour les propri\u00e9taires de v\u00e9los \u00e9lectriques Hilltecks, avec le choix entre une capacit\u00e9 standard de 10Ah ou une version haute capacit\u00e9 de 19.2Ah pour une autonomie prolong\u00e9e.<\/p>","protected":false},"featured_media":12479,"comment_status":"open","ping_status":"closed","template":"","meta":{"inline_featured_image":false},"product_cat":[184,183],"product_tag":[],"class_list":{"0":"post-3206","1":"product","2":"type-product","3":"status-publish","4":"has-post-thumbnail","6":"product_cat-accessoires-de-velo","7":"product_cat-accessories","9":"first","10":"instock","11":"taxable","12":"shipping-taxable","13":"purchasable","14":"product-type-simple"},"_links":{"self":[{"href":"https:\/\/mobilobike.com\/fr\/wp-json\/wp\/v2\/product\/3206","targetHints":{"allow":["GET"]}}],"collection":[{"href":"https:\/\/mobilobike.com\/fr\/wp-json\/wp\/v2\/product"}],"about":[{"href":"https:\/\/mobilobike.com\/fr\/wp-json\/wp\/v2\/types\/product"}],"replies":[{"embeddable":true,"href":"https:\/\/mobilobike.com\/fr\/wp-json\/wp\/v2\/comments?post=3206"}],"version-history":[{"count":1,"href":"https:\/\/mobilobike.com\/fr\/wp-json\/wp\/v2\/product\/3206\/revisions"}],"predecessor-version":[{"id":12480,"href":"https:\/\/mobilobike.com\/fr\/wp-json\/wp\/v2\/product\/3206\/revisions\/12480"}],"wp:featuredmedia":[{"embeddable":true,"href":"https:\/\/mobilobike.com\/fr\/wp-json\/wp\/v2\/media\/12479"}],"wp:attachment":[{"href":"https:\/\/mobilobike.com\/fr\/wp-json\/wp\/v2\/media?parent=3206"}],"wp:term":[{"taxonomy":"product_cat","embeddable":true,"href":"https:\/\/mobilobike.com\/fr\/wp-json\/wp\/v2\/product_cat?post=3206"},{"taxonomy":"product_tag","embeddable":true,"href":"https:\/\/mobilobike.com\/fr\/wp-json\/wp\/v2\/product_tag?post=3206"}],"curies":[{"name":"wp","href":"https:\/\/api.w.org\/{rel}","templated":true}]}}