{"id":3215,"date":"2025-03-04T05:22:20","date_gmt":"2025-03-04T05:22:20","guid":{"rendered":"https:\/\/mobilobike.com\/?post_type=product&#038;p=3215"},"modified":"2025-07-08T18:31:42","modified_gmt":"2025-07-08T18:31:42","slug":"display-velo-electrique-bosch-kiox","status":"publish","type":"product","link":"https:\/\/mobilobike.com\/fr\/produit\/display-velo-electrique-bosch-kiox\/","title":{"rendered":"Display V\u00e9lo Electrique Bosch Kiox"},"content":{"rendered":"<div id=\"MarketplaceProductDescription-c796bc48ce0427bde8f1f9690ae2565e18ef92a0\" class=\"floor container-small floor--expanded container svelte-kmv775\">\n<h2 class=\"floor-title vtmn-typo_title-4 vtmn-y-0 gt-tablet:vtmn-mt-6 gt-tablet:vtmn-mb-6 title__position--center svelte-kmv775\" tabindex=\"0\" role=\"button\"><span id=\"floor-c2897159-1d02-4cc7-802a-8b7983cf80b2\" class=\"svelte-kmv775\" role=\"presentation\">Description<\/span><\/h2>\n<div class=\"floor-content svelte-kmv775\">\n<div class=\"svelte-1uw9j0x\">\n<p>L&rsquo;ordinateur de bord Kiox de Bosch est le compl\u00e9ment id\u00e9al de votre v\u00e9lo \u00e9lectrique sportif. Avec son design compact et \u00e9l\u00e9gant, il attire tous les regards. L&rsquo;\u00e9cran du Kiox pr\u00e9sente des couleurs vives et une interface utilisateur claire, ce qui le rend facile \u00e0 lire lors de vos sorties \u00e0 v\u00e9lo. L&rsquo;application e-bike Connect de Bosch vous permet de passer \u00e0 la vitesse sup\u00e9rieure. Elle offre une exp\u00e9rience intelligente de l&rsquo;e-bike, vous permettant de rester connect\u00e9 et bien inform\u00e9 pendant vos d\u00e9placements.<\/p>\n<p>Navigation avec orientation pr\u00e9cise et planification d&rsquo;itin\u00e9raire facile<br \/>\nMesure de la fr\u00e9quence cardiaque et de la consommation de calories<br \/>\nVue d&rsquo;ensemble claire des donn\u00e9es sur l&rsquo;\u00e9cran couleur<br \/>\nFonctionne avec l&rsquo;application : Bosch eBike Connect<br \/>\nInterchangeable sur tous les mod\u00e8les Bosch tels que : Bosch Active Line, Bosch Active Line Plus, Bosch Performance Line, Bosch Performance Line CX et Bosch Performance Line Speed.<\/p>\n<\/div>\n<\/div>\n<\/div>\n<div id=\"ProductFunctionalities-8898de662bbe615edc8d3982473eeb394d01021f\" class=\"floor product-functionalities-floor vtmn-max-w-lg vtmn-max-w-full floor--expanded container svelte-kmv775\">\n<h2 class=\"floor-title vtmn-typo_title-4 vtmn-y-0 gt-tablet:vtmn-mt-6 gt-tablet:vtmn-mb-6 title__position--center svelte-kmv775\" tabindex=\"0\" role=\"button\"><span id=\"floor-71e8d479-27d6-4642-914a-aa05cd8fe73e\" class=\"svelte-kmv775\" role=\"presentation\">Informations techniques<\/span><\/h2>\n<div class=\"floor-content svelte-kmv775\">\n<div class=\"collapse-wrapper svelte-1oe98l6\">\n<div class=\"content\">\n<div class=\"tech-info vtmn-py-5 svelte-wahzr3\">\n<h3 class=\"vtmn-typo_title-5 vtmn-mt-0 svelte-wahzr3\">altim\u00e8tre<\/h3>\n<p class=\"vtmn-m-0 vtmn-break-words\">sans altim\u00e8tre<\/p>\n<\/div>\n<div class=\"tech-info vtmn-py-5 svelte-wahzr3\">\n<h3 class=\"vtmn-typo_title-5 vtmn-mt-0 svelte-wahzr3\">\u00e9tat<\/h3>\n<p class=\"vtmn-m-0 vtmn-break-words\">neuf<\/p>\n<\/div>\n<div class=\"tech-info vtmn-py-5 svelte-wahzr3\">\n<h3 class=\"vtmn-typo_title-5 vtmn-mt-0 svelte-wahzr3\">Garantie<\/h3>\n<p class=\"vtmn-m-0 vtmn-break-words\">2 ans<\/p>\n<\/div>\n<\/div>\n<\/div>\n<\/div>\n<\/div>","protected":false},"excerpt":{"rendered":"<p class=\"vtmn-text-base vtmn-mb-0 vtmn-mt-2\">Le compteur Bosch Display Kiox BUI330, un accessoire technologique et durable pour les cyclistes exigeants, offre une exp\u00e9rience de cyclisme am\u00e9lior\u00e9e.<\/p>","protected":false},"featured_media":12483,"comment_status":"open","ping_status":"closed","template":"","meta":{"inline_featured_image":false},"product_cat":[184,183],"product_tag":[],"class_list":{"0":"post-3215","1":"product","2":"type-product","3":"status-publish","4":"has-post-thumbnail","6":"product_cat-accessoires-de-velo","7":"product_cat-accessories","9":"first","10":"instock","11":"taxable","12":"shipping-taxable","13":"purchasable","14":"product-type-simple"},"_links":{"self":[{"href":"https:\/\/mobilobike.com\/fr\/wp-json\/wp\/v2\/product\/3215","targetHints":{"allow":["GET"]}}],"collection":[{"href":"https:\/\/mobilobike.com\/fr\/wp-json\/wp\/v2\/product"}],"about":[{"href":"https:\/\/mobilobike.com\/fr\/wp-json\/wp\/v2\/types\/product"}],"replies":[{"embeddable":true,"href":"https:\/\/mobilobike.com\/fr\/wp-json\/wp\/v2\/comments?post=3215"}],"version-history":[{"count":1,"href":"https:\/\/mobilobike.com\/fr\/wp-json\/wp\/v2\/product\/3215\/revisions"}],"predecessor-version":[{"id":12484,"href":"https:\/\/mobilobike.com\/fr\/wp-json\/wp\/v2\/product\/3215\/revisions\/12484"}],"wp:featuredmedia":[{"embeddable":true,"href":"https:\/\/mobilobike.com\/fr\/wp-json\/wp\/v2\/media\/12483"}],"wp:attachment":[{"href":"https:\/\/mobilobike.com\/fr\/wp-json\/wp\/v2\/media?parent=3215"}],"wp:term":[{"taxonomy":"product_cat","embeddable":true,"href":"https:\/\/mobilobike.com\/fr\/wp-json\/wp\/v2\/product_cat?post=3215"},{"taxonomy":"product_tag","embeddable":true,"href":"https:\/\/mobilobike.com\/fr\/wp-json\/wp\/v2\/product_tag?post=3215"}],"curies":[{"name":"wp","href":"https:\/\/api.w.org\/{rel}","templated":true}]}}