{"id":3217,"date":"2025-03-04T05:28:45","date_gmt":"2025-03-04T05:28:45","guid":{"rendered":"https:\/\/mobilobike.com\/?post_type=product&#038;p=3217"},"modified":"2025-07-08T18:31:43","modified_gmt":"2025-07-08T18:31:43","slug":"roue-velo-ville-assistance-electrique-elops-28-pouces","status":"publish","type":"product","link":"https:\/\/mobilobike.com\/fr\/produit\/roue-velo-ville-assistance-electrique-elops-28-pouces\/","title":{"rendered":"Roue v\u00e9lo ville assistance \u00e9lectrique ELOPS 28 pouces"},"content":{"rendered":"<div id=\"ProductBenefits-f5a0be5b313a926e1b2cce79f6b16c828db4dd5a\" class=\"floor floor--expanded container no-padding svelte-kmv775\">\n<h2 class=\"floor-title vtmn-typo_title-4 vtmn-y-0 gt-tablet:vtmn-mt-6 gt-tablet:vtmn-mb-6 title__position--center svelte-kmv775\" tabindex=\"0\" role=\"button\"><span id=\"floor-9feecc59-6f61-404a-aa51-7657bdf310da\" class=\"svelte-kmv775\" role=\"presentation\">Avantages du produit<\/span><\/h2>\n<div class=\"floor-content svelte-kmv775 no-padding\">\n<div class=\"vtmn-flex vtmn-flex-wrap\" role=\"list\">\n<section class=\"benefit vtmn-flex vtmn-justify-center vtmn-items-center vtmn-px-4 vtmn-pt-4 vtmn-pb-6 vtmn-w-full gt-tablet:vtmn-w-2\/5 gt-tablet:vtmn-relative gt-tablet:vtmn-px-0 svelte-1cthpt4\" role=\"listitem\">\n<div class=\"wrapper vtmn-mr-4 svelte-bupr9u\"><img decoding=\"async\" class=\"svelte-11itto\" src=\"https:\/\/contents.mediadecathlon.com\/b72611\/k$b237f8df7c233faeee48e921d89485f7\/sq\/reparation.jpg?format=auto&amp;f=800x0\" sizes=\"(min-width: 0px) 60px, 100vw\" srcset=\"https:\/\/contents.mediadecathlon.com\/b72611\/k$b237f8df7c233faeee48e921d89485f7\/sq\/reparation.jpg?format=auto&amp;f=60x60 60w, https:\/\/contents.mediadecathlon.com\/b72611\/k$b237f8df7c233faeee48e921d89485f7\/sq\/reparation.jpg?format=auto&amp;f=120x120 120w, https:\/\/contents.mediadecathlon.com\/b72611\/k$b237f8df7c233faeee48e921d89485f7\/sq\/reparation.jpg?format=auto&amp;f=180x180 180w\" alt=\"\" width=\"\" height=\"\" aria-hidden=\"true\" data-broken=\"Image indisponible\" \/><\/div>\n<h3 class=\"item-title review-title vtmn-typo_title-5 vtmn-flex-grow vtmn-order-1 vtmn-m-0 vtmn-text-ellipsis vtmn-overflow-hidden svelte-bupr9u\">r\u00e9paration<\/h3>\n<p class=\"vtmn-mt-4 vtmn-mb-0 vtmn-w-full vtmn-order-3 svelte-bupr9u\">R\u00e9parez votre produit et donnez une deuxi\u00e8me vie \u00e0 votre mat\u00e9riel sportif !<\/p>\n<\/section>\n<section class=\"benefit vtmn-flex vtmn-justify-center vtmn-items-center vtmn-px-4 vtmn-pt-4 vtmn-pb-6 vtmn-w-full gt-tablet:vtmn-w-2\/5 gt-tablet:vtmn-relative gt-tablet:vtmn-px-0 svelte-1cthpt4\" role=\"listitem\">\n<div class=\"wrapper vtmn-mr-4 svelte-bupr9u\"><img decoding=\"async\" class=\"svelte-11itto\" src=\"https:\/\/contents.mediadecathlon.com\/b82624\/k$fed51b5e50decb2bfffc68b89a1a4a29\/sq\/compatibilite.jpg?format=auto&amp;f=800x0\" sizes=\"(min-width: 0px) 60px, 100vw\" srcset=\"https:\/\/contents.mediadecathlon.com\/b82624\/k$fed51b5e50decb2bfffc68b89a1a4a29\/sq\/compatibilite.jpg?format=auto&amp;f=60x60 60w, https:\/\/contents.mediadecathlon.com\/b82624\/k$fed51b5e50decb2bfffc68b89a1a4a29\/sq\/compatibilite.jpg?format=auto&amp;f=120x120 120w, https:\/\/contents.mediadecathlon.com\/b82624\/k$fed51b5e50decb2bfffc68b89a1a4a29\/sq\/compatibilite.jpg?format=auto&amp;f=180x180 180w\" alt=\"\" width=\"\" height=\"\" aria-hidden=\"true\" data-broken=\"Image indisponible\" \/><\/div>\n<h3 class=\"item-title review-title vtmn-typo_title-5 vtmn-flex-grow vtmn-order-1 vtmn-m-0 vtmn-text-ellipsis vtmn-overflow-hidden svelte-bupr9u\">compatibilit\u00e9<\/h3>\n<p class=\"vtmn-mt-4 vtmn-mb-0 vtmn-w-full vtmn-order-3 svelte-bupr9u\">VILLE ELOPS 900 E HF \/ LF: 8379380 8379381 8505356<\/p>\n<\/section>\n<\/div>\n<\/div>\n<\/div>\n<div id=\"ProductFunctionalities-8898de662bbe615edc8d3982473eeb394d01021f\" class=\"floor product-functionalities-floor vtmn-max-w-lg vtmn-max-w-full floor--expanded container svelte-kmv775\">\n<h2 class=\"floor-title vtmn-typo_title-4 vtmn-y-0 gt-tablet:vtmn-mt-6 gt-tablet:vtmn-mb-6 title__position--center svelte-kmv775\" tabindex=\"0\" role=\"button\"><span id=\"floor-988e32d4-b532-45cc-9be3-33f52d2f20d6\" class=\"svelte-kmv775\" role=\"presentation\">Informations techniques<\/span><\/h2>\n<div class=\"floor-content svelte-kmv775\">\n<div class=\"collapse-wrapper svelte-1oe98l6 expandable expanded\">\n<div class=\"content\">\n<div class=\"tech-info vtmn-py-5 svelte-wahzr3\">\n<h3 class=\"vtmn-typo_title-5 vtmn-mt-0 svelte-wahzr3\">CARACT\u00c9RISTIQUES TECHNIQUES<\/h3>\n<p class=\"vtmn-m-0 vtmn-break-words\">\u00ab\u00a0Jante : double parois<br \/>\nNOMBRE DE RAYONS: 36<br \/>\nFREINAGE: disc<br \/>\nAXE: transversant<br \/>\nMOYEUX SPECIFIQUE: moteur 36V<br \/>\nCOMPATIBILITE PNEU: 700&#215;35<\/p>\n<\/div>\n<div class=\"tech-info vtmn-py-5 svelte-wahzr3\">\n<h3 class=\"vtmn-typo_title-5 vtmn-mt-0 svelte-wahzr3\">Conseil d&rsquo;utilisation<\/h3>\n<p class=\"vtmn-m-0 vtmn-break-words\">L&rsquo;ajout d&rsquo;un fond de jante adapt\u00e9 est indispensable. Demander conseil \u00e0 un technicien.<\/p>\n<\/div>\n<div class=\"tech-info vtmn-py-5 svelte-wahzr3\">\n<h3 class=\"vtmn-typo_title-5 vtmn-mt-0 svelte-wahzr3\">Garantie<\/h3>\n<p class=\"vtmn-m-0 vtmn-break-words\">2<\/p>\n<\/div>\n<div class=\"tech-info vtmn-py-5 svelte-wahzr3\">\n<h3 class=\"vtmn-typo_title-5 vtmn-mt-0 svelte-wahzr3\">Poids<\/h3>\n<p class=\"vtmn-m-0 vtmn-break-words\">2 kg<\/p>\n<\/div>\n<\/div>\n<\/div>\n<\/div>\n<\/div>","protected":false},"excerpt":{"rendered":"<p class=\"vtmn-text-base vtmn-mt-2\">Les d\u00e9placements urbaine, courte et moyenne distance \u00e0 v\u00e9lo<\/p>\n<p class=\"vtmn-text-base vtmn-mb-0\">Amusez vous lors de vos d\u00e9placements ville en choisissant cette roue arri\u00e8re (28&Prime;) ! Gr\u00e2ce \u00e0 ses doubles parois et le moteur 36V, vous profiterez de plus de confort et de r\u00e9sistance !<\/p>","protected":false},"featured_media":12485,"comment_status":"open","ping_status":"closed","template":"","meta":{"inline_featured_image":false},"product_cat":[184,183],"product_tag":[],"class_list":{"0":"post-3217","1":"product","2":"type-product","3":"status-publish","4":"has-post-thumbnail","6":"product_cat-accessoires-de-velo","7":"product_cat-accessories","9":"first","10":"instock","11":"sale","12":"taxable","13":"shipping-taxable","14":"purchasable","15":"product-type-simple"},"_links":{"self":[{"href":"https:\/\/mobilobike.com\/fr\/wp-json\/wp\/v2\/product\/3217","targetHints":{"allow":["GET"]}}],"collection":[{"href":"https:\/\/mobilobike.com\/fr\/wp-json\/wp\/v2\/product"}],"about":[{"href":"https:\/\/mobilobike.com\/fr\/wp-json\/wp\/v2\/types\/product"}],"replies":[{"embeddable":true,"href":"https:\/\/mobilobike.com\/fr\/wp-json\/wp\/v2\/comments?post=3217"}],"version-history":[{"count":1,"href":"https:\/\/mobilobike.com\/fr\/wp-json\/wp\/v2\/product\/3217\/revisions"}],"predecessor-version":[{"id":12486,"href":"https:\/\/mobilobike.com\/fr\/wp-json\/wp\/v2\/product\/3217\/revisions\/12486"}],"wp:featuredmedia":[{"embeddable":true,"href":"https:\/\/mobilobike.com\/fr\/wp-json\/wp\/v2\/media\/12485"}],"wp:attachment":[{"href":"https:\/\/mobilobike.com\/fr\/wp-json\/wp\/v2\/media?parent=3217"}],"wp:term":[{"taxonomy":"product_cat","embeddable":true,"href":"https:\/\/mobilobike.com\/fr\/wp-json\/wp\/v2\/product_cat?post=3217"},{"taxonomy":"product_tag","embeddable":true,"href":"https:\/\/mobilobike.com\/fr\/wp-json\/wp\/v2\/product_tag?post=3217"}],"curies":[{"name":"wp","href":"https:\/\/api.w.org\/{rel}","templated":true}]}}