{"id":3219,"date":"2025-03-04T05:35:00","date_gmt":"2025-03-04T05:35:00","guid":{"rendered":"https:\/\/mobilobike.com\/?post_type=product&#038;p=3219"},"modified":"2025-07-08T18:31:44","modified_gmt":"2025-07-08T18:31:44","slug":"chargeur-shimano-ec-e6002","status":"publish","type":"product","link":"https:\/\/mobilobike.com\/fr\/produit\/chargeur-shimano-ec-e6002\/","title":{"rendered":"Chargeur Shimano EC-E6002"},"content":{"rendered":"<h2 class=\"floor-title vtmn-typo_title-4 vtmn-y-0 gt-tablet:vtmn-mt-6 gt-tablet:vtmn-mb-6 title__position--center svelte-kmv775\" tabindex=\"0\" role=\"button\"><span id=\"floor-58455461-54d8-4f6e-8c3c-e0afeb292808\" class=\"svelte-kmv775\" role=\"presentation\">Informations techniques<\/span><\/h2>\n<div class=\"floor-content svelte-kmv775\">\n<div class=\"collapse-wrapper svelte-1oe98l6 expandable expanded\">\n<div class=\"content\">\n<div class=\"tech-info vtmn-py-5 svelte-wahzr3\">\n<h3 class=\"vtmn-typo_title-5 vtmn-mt-0 svelte-wahzr3\">Conseils d&rsquo;entretien<\/h3>\n<p class=\"vtmn-m-0 vtmn-break-words\">Une batterie r\u00e9guli\u00e8rement charg\u00e9e vous garantie de faire perdurer sa capacit\u00e9 dans le temps en limitant la perte de charge associ\u00e9e au vieillissement des cellules.<\/p>\n<\/div>\n<div class=\"tech-info vtmn-py-5 svelte-wahzr3\">\n<h3 class=\"vtmn-typo_title-5 vtmn-mt-0 svelte-wahzr3\">Garantie<\/h3>\n<p class=\"vtmn-m-0 vtmn-break-words\">2<\/p>\n<\/div>\n<div class=\"tech-info vtmn-py-5 svelte-wahzr3\">\n<h3 class=\"vtmn-typo_title-5 vtmn-mt-0 svelte-wahzr3\">Poids<\/h3>\n<p class=\"vtmn-m-0 vtmn-break-words\">0.77 kg<\/p>\n<\/div>\n<\/div>\n<\/div>\n<\/div>","protected":false},"excerpt":{"rendered":"<p class=\"vtmn-text-base vtmn-mt-2\">Chargeur de batterie pour v\u00e9lo \u00e9lectrique SHIMANO STEPS E5000<\/p>\n<p class=\"vtmn-text-base vtmn-mb-0\">Chargeur Shimano EC-E6002<\/p>","protected":false},"featured_media":12487,"comment_status":"open","ping_status":"closed","template":"","meta":{"inline_featured_image":false},"product_cat":[184,183],"product_tag":[],"class_list":{"0":"post-3219","1":"product","2":"type-product","3":"status-publish","4":"has-post-thumbnail","6":"product_cat-accessoires-de-velo","7":"product_cat-accessories","9":"first","10":"instock","11":"taxable","12":"shipping-taxable","13":"purchasable","14":"product-type-simple"},"_links":{"self":[{"href":"https:\/\/mobilobike.com\/fr\/wp-json\/wp\/v2\/product\/3219","targetHints":{"allow":["GET"]}}],"collection":[{"href":"https:\/\/mobilobike.com\/fr\/wp-json\/wp\/v2\/product"}],"about":[{"href":"https:\/\/mobilobike.com\/fr\/wp-json\/wp\/v2\/types\/product"}],"replies":[{"embeddable":true,"href":"https:\/\/mobilobike.com\/fr\/wp-json\/wp\/v2\/comments?post=3219"}],"version-history":[{"count":1,"href":"https:\/\/mobilobike.com\/fr\/wp-json\/wp\/v2\/product\/3219\/revisions"}],"predecessor-version":[{"id":12488,"href":"https:\/\/mobilobike.com\/fr\/wp-json\/wp\/v2\/product\/3219\/revisions\/12488"}],"wp:featuredmedia":[{"embeddable":true,"href":"https:\/\/mobilobike.com\/fr\/wp-json\/wp\/v2\/media\/12487"}],"wp:attachment":[{"href":"https:\/\/mobilobike.com\/fr\/wp-json\/wp\/v2\/media?parent=3219"}],"wp:term":[{"taxonomy":"product_cat","embeddable":true,"href":"https:\/\/mobilobike.com\/fr\/wp-json\/wp\/v2\/product_cat?post=3219"},{"taxonomy":"product_tag","embeddable":true,"href":"https:\/\/mobilobike.com\/fr\/wp-json\/wp\/v2\/product_tag?post=3219"}],"curies":[{"name":"wp","href":"https:\/\/api.w.org\/{rel}","templated":true}]}}