{"id":3222,"date":"2025-03-04T05:42:51","date_gmt":"2025-03-04T05:42:51","guid":{"rendered":"https:\/\/mobilobike.com\/?post_type=product&#038;p=3222"},"modified":"2025-07-08T18:31:44","modified_gmt":"2025-07-08T18:31:44","slug":"elops-fourche-velocargo-r500e","status":"publish","type":"product","link":"https:\/\/mobilobike.com\/fr\/produit\/elops-fourche-velocargo-r500e\/","title":{"rendered":"ELOPS Fourche velocargo r500e"},"content":{"rendered":"<div id=\"ProductBenefits-f5a0be5b313a926e1b2cce79f6b16c828db4dd5a\" class=\"floor floor--expanded container no-padding svelte-kmv775\">\n<h2 class=\"floor-title vtmn-typo_title-4 vtmn-y-0 gt-tablet:vtmn-mt-6 gt-tablet:vtmn-mb-6 title__position--center svelte-kmv775\" tabindex=\"0\" role=\"button\"><span id=\"floor-da7a9741-9e2d-4bbc-be13-2a9c98cf114a\" class=\"svelte-kmv775\" role=\"presentation\">Avantages du produit<\/span><\/h2>\n<div class=\"floor-content svelte-kmv775 no-padding\">\n<div class=\"vtmn-flex vtmn-flex-wrap\" role=\"list\">\n<section class=\"benefit vtmn-flex vtmn-justify-center vtmn-items-center vtmn-px-4 vtmn-pt-4 vtmn-pb-6 vtmn-w-full gt-tablet:vtmn-w-2\/5 gt-tablet:vtmn-relative gt-tablet:vtmn-px-0 svelte-1cthpt4\" role=\"listitem\">\n<div class=\"wrapper vtmn-mr-4 svelte-bupr9u\"><img decoding=\"async\" class=\"svelte-11itto\" src=\"https:\/\/contents.mediadecathlon.com\/b82624\/k$fed51b5e50decb2bfffc68b89a1a4a29\/sq\/compatibilite.jpg?format=auto&amp;f=800x0\" sizes=\"(min-width: 0px) 60px, 100vw\" srcset=\"https:\/\/contents.mediadecathlon.com\/b82624\/k$fed51b5e50decb2bfffc68b89a1a4a29\/sq\/compatibilite.jpg?format=auto&amp;f=60x60 60w, https:\/\/contents.mediadecathlon.com\/b82624\/k$fed51b5e50decb2bfffc68b89a1a4a29\/sq\/compatibilite.jpg?format=auto&amp;f=120x120 120w, https:\/\/contents.mediadecathlon.com\/b82624\/k$fed51b5e50decb2bfffc68b89a1a4a29\/sq\/compatibilite.jpg?format=auto&amp;f=180x180 180w\" alt=\"\" width=\"\" height=\"\" aria-hidden=\"true\" data-broken=\"Image indisponible\" \/><\/div>\n<h3 class=\"item-title review-title vtmn-typo_title-5 vtmn-flex-grow vtmn-order-1 vtmn-m-0 vtmn-text-ellipsis vtmn-overflow-hidden svelte-bupr9u\">compatibilit\u00e9<\/h3>\n<p class=\"vtmn-mt-4 vtmn-mb-0 vtmn-w-full vtmn-order-3 svelte-bupr9u\">VELOCARGO ELECTRIQUE LONGTAIL R500E (8605830 \/ 8826512 \/ 8826513 \/ 8826514)<\/p>\n<\/section>\n<section class=\"benefit vtmn-flex vtmn-justify-center vtmn-items-center vtmn-px-4 vtmn-pt-4 vtmn-pb-6 vtmn-w-full gt-tablet:vtmn-w-2\/5 gt-tablet:vtmn-relative gt-tablet:vtmn-px-0 svelte-1cthpt4\" role=\"listitem\">\n<div class=\"wrapper vtmn-mr-4 svelte-bupr9u\"><img decoding=\"async\" class=\"svelte-11itto\" src=\"https:\/\/contents.mediadecathlon.com\/b72606\/k$566d1c4bf08a39381fd921416b935892\/sq\/facilite-dutilisation.jpg?format=auto&amp;f=800x0\" sizes=\"(min-width: 0px) 60px, 100vw\" srcset=\"https:\/\/contents.mediadecathlon.com\/b72606\/k$566d1c4bf08a39381fd921416b935892\/sq\/facilite-dutilisation.jpg?format=auto&amp;f=60x60 60w, https:\/\/contents.mediadecathlon.com\/b72606\/k$566d1c4bf08a39381fd921416b935892\/sq\/facilite-dutilisation.jpg?format=auto&amp;f=120x120 120w, https:\/\/contents.mediadecathlon.com\/b72606\/k$566d1c4bf08a39381fd921416b935892\/sq\/facilite-dutilisation.jpg?format=auto&amp;f=180x180 180w\" alt=\"\" width=\"\" height=\"\" aria-hidden=\"true\" data-broken=\"Image indisponible\" \/><\/div>\n<h3 class=\"item-title review-title vtmn-typo_title-5 vtmn-flex-grow vtmn-order-1 vtmn-m-0 vtmn-text-ellipsis vtmn-overflow-hidden svelte-bupr9u\">facilit\u00e9 d&rsquo;utilisation<\/h3>\n<p class=\"vtmn-mt-4 vtmn-mb-0 vtmn-w-full vtmn-order-3 svelte-bupr9u\">Blocage de la fourche rapide via la molette<\/p>\n<\/section>\n<section class=\"benefit vtmn-flex vtmn-justify-center vtmn-items-center vtmn-px-4 vtmn-pt-4 vtmn-pb-6 vtmn-w-full gt-tablet:vtmn-w-2\/5 gt-tablet:vtmn-relative gt-tablet:vtmn-px-0 svelte-1cthpt4\" role=\"listitem\">\n<div class=\"wrapper vtmn-mr-4 svelte-bupr9u\"><img decoding=\"async\" class=\"svelte-11itto\" src=\"https:\/\/contents.mediadecathlon.com\/b72611\/k$b237f8df7c233faeee48e921d89485f7\/sq\/reparation.jpg?format=auto&amp;f=800x0\" sizes=\"(min-width: 0px) 60px, 100vw\" srcset=\"https:\/\/contents.mediadecathlon.com\/b72611\/k$b237f8df7c233faeee48e921d89485f7\/sq\/reparation.jpg?format=auto&amp;f=60x60 60w, https:\/\/contents.mediadecathlon.com\/b72611\/k$b237f8df7c233faeee48e921d89485f7\/sq\/reparation.jpg?format=auto&amp;f=120x120 120w, https:\/\/contents.mediadecathlon.com\/b72611\/k$b237f8df7c233faeee48e921d89485f7\/sq\/reparation.jpg?format=auto&amp;f=180x180 180w\" alt=\"\" width=\"\" height=\"\" aria-hidden=\"true\" data-broken=\"Image indisponible\" \/><\/div>\n<h3 class=\"item-title review-title vtmn-typo_title-5 vtmn-flex-grow vtmn-order-1 vtmn-m-0 vtmn-text-ellipsis vtmn-overflow-hidden svelte-bupr9u\">r\u00e9paration<\/h3>\n<p class=\"vtmn-mt-4 vtmn-mb-0 vtmn-w-full vtmn-order-3 svelte-bupr9u\">R\u00e9parez votre produit et donnez une deuxi\u00e8me vie \u00e0 votre mat\u00e9riel sportif !<\/p>\n<\/section>\n<\/div>\n<\/div>\n<\/div>\n<div id=\"ProductFunctionalities-8898de662bbe615edc8d3982473eeb394d01021f\" class=\"floor product-functionalities-floor vtmn-max-w-lg vtmn-max-w-full floor--expanded container svelte-kmv775\">\n<h2 class=\"floor-title vtmn-typo_title-4 vtmn-y-0 gt-tablet:vtmn-mt-6 gt-tablet:vtmn-mb-6 title__position--center svelte-kmv775\" tabindex=\"0\" role=\"button\"><span id=\"floor-6f0c4677-1671-4c68-bf48-287626dfbd42\" class=\"svelte-kmv775\" role=\"presentation\">Informations techniques<\/span><\/h2>\n<div class=\"floor-content svelte-kmv775\">\n<div class=\"collapse-wrapper svelte-1oe98l6 expandable expanded\">\n<div class=\"content\">\n<div class=\"tech-info vtmn-py-5 svelte-wahzr3\">\n<h3 class=\"vtmn-typo_title-5 vtmn-mt-0 svelte-wahzr3\">CARACT\u00c9RISTIQUES TECHNIQUES<\/h3>\n<p class=\"vtmn-m-0 vtmn-break-words\">75 mm de d\u00e9battement<br \/>\nTaille de roue 27,5&Prime;<br \/>\nRessort h\u00e9lico\u00efdal avec r\u00e9glage de la pr\u00e9charge<br \/>\nVerrouillage<br \/>\nMoulage d&rsquo;aluminium<br \/>\nChandeliers enduits STKM de 32 mm<br \/>\nColonne de direction conique en acier 1,5-1-1\/8<br \/>\nColonne de direction de 255 mm de long<br \/>\nConception d&rsquo;axe de boulon 15&#215;100<br \/>\nFrein \u00e0 disque uniquement<br \/>\nMontage direct 160 mm<br \/>\nCapacit\u00e9 maximale du rotor de 180 mm<br \/>\nGarde-boue complet compatible avec les montages directs<br \/>\nE-Bike A1 et A2 sp\u00e9cifiques con\u00e7us pour supporter des charges extr\u00eame<\/p>\n<\/div>\n<div class=\"tech-info vtmn-py-5 svelte-wahzr3\">\n<h3 class=\"vtmn-typo_title-5 vtmn-mt-0 svelte-wahzr3\">CONSEILS D&rsquo;ENTRETIEN<\/h3>\n<p class=\"vtmn-m-0 vtmn-break-words\">Pour assurer les performances, la s\u00e9curit\u00e9 et la long\u00e9vit\u00e9 de votre fourche, nous vous conseillons de v\u00e9rifier r\u00e9guli\u00e8rement son bon \u00e9tat g\u00e9n\u00e9ral, que l\u2019axe de la roue soit bien serr\u00e9 et de faire l\u2019entretien selon les pr\u00e9conisations du constructeur.<br \/>\nNotre r\u00e9seau d&rsquo;atelier est \u00e0 votre service pour r\u00e9aliser l&rsquo;ensemble de ces op\u00e9rations de maintenance au meilleur prix.<\/p>\n<\/div>\n<div class=\"tech-info vtmn-py-5 svelte-wahzr3\">\n<h3 class=\"vtmn-typo_title-5 vtmn-mt-0 svelte-wahzr3\">Garantie<\/h3>\n<p class=\"vtmn-m-0 vtmn-break-words\">2<\/p>\n<\/div>\n<div class=\"tech-info vtmn-py-5 svelte-wahzr3\">\n<h3 class=\"vtmn-typo_title-5 vtmn-mt-0 svelte-wahzr3\">Poids<\/h3>\n<p class=\"vtmn-m-0 vtmn-break-words\">3.3 kg<\/p>\n<\/div>\n<\/div>\n<\/div>\n<\/div>\n<\/div>","protected":false},"excerpt":{"rendered":"<p class=\"vtmn-text-base vtmn-mt-2\">Con\u00e7u pour le remplacement de votre fourche sur votre VELOCARGO ELECTRIQUE LONGTAIL R500E<\/p>\n<p class=\"vtmn-text-base vtmn-mb-0\">Fourche suspendue Suntour pour frein \u00e0 disque<\/p>","protected":false},"featured_media":12489,"comment_status":"open","ping_status":"closed","template":"","meta":{"inline_featured_image":false},"product_cat":[184,183],"product_tag":[],"class_list":{"0":"post-3222","1":"product","2":"type-product","3":"status-publish","4":"has-post-thumbnail","6":"product_cat-accessoires-de-velo","7":"product_cat-accessories","9":"first","10":"instock","11":"taxable","12":"shipping-taxable","13":"purchasable","14":"product-type-simple"},"_links":{"self":[{"href":"https:\/\/mobilobike.com\/fr\/wp-json\/wp\/v2\/product\/3222","targetHints":{"allow":["GET"]}}],"collection":[{"href":"https:\/\/mobilobike.com\/fr\/wp-json\/wp\/v2\/product"}],"about":[{"href":"https:\/\/mobilobike.com\/fr\/wp-json\/wp\/v2\/types\/product"}],"replies":[{"embeddable":true,"href":"https:\/\/mobilobike.com\/fr\/wp-json\/wp\/v2\/comments?post=3222"}],"version-history":[{"count":1,"href":"https:\/\/mobilobike.com\/fr\/wp-json\/wp\/v2\/product\/3222\/revisions"}],"predecessor-version":[{"id":12490,"href":"https:\/\/mobilobike.com\/fr\/wp-json\/wp\/v2\/product\/3222\/revisions\/12490"}],"wp:featuredmedia":[{"embeddable":true,"href":"https:\/\/mobilobike.com\/fr\/wp-json\/wp\/v2\/media\/12489"}],"wp:attachment":[{"href":"https:\/\/mobilobike.com\/fr\/wp-json\/wp\/v2\/media?parent=3222"}],"wp:term":[{"taxonomy":"product_cat","embeddable":true,"href":"https:\/\/mobilobike.com\/fr\/wp-json\/wp\/v2\/product_cat?post=3222"},{"taxonomy":"product_tag","embeddable":true,"href":"https:\/\/mobilobike.com\/fr\/wp-json\/wp\/v2\/product_tag?post=3222"}],"curies":[{"name":"wp","href":"https:\/\/api.w.org\/{rel}","templated":true}]}}