{"id":3224,"date":"2025-03-04T05:51:40","date_gmt":"2025-03-04T05:51:40","guid":{"rendered":"https:\/\/mobilobike.com\/?post_type=product&#038;p=3224"},"modified":"2025-07-08T18:31:44","modified_gmt":"2025-07-08T18:31:44","slug":"chargeur-36v-2a-batterie-lithium","status":"publish","type":"product","link":"https:\/\/mobilobike.com\/fr\/produit\/chargeur-36v-2a-batterie-lithium\/","title":{"rendered":"Chargeur 36V 2A batterie Lithium"},"content":{"rendered":"<div id=\"MarketplaceProductDescription-c796bc48ce0427bde8f1f9690ae2565e18ef92a0\" class=\"floor container-small floor--expanded container svelte-kmv775\">\n<h2 class=\"floor-title vtmn-typo_title-4 vtmn-y-0 gt-tablet:vtmn-mt-6 gt-tablet:vtmn-mb-6 title__position--center svelte-kmv775\" tabindex=\"0\" role=\"button\"><span id=\"floor-576f8259-fa27-4da9-b910-e56c7be65d7b\" class=\"svelte-kmv775\" role=\"presentation\">Description<\/span><\/h2>\n<div class=\"floor-content svelte-kmv775\">\n<div class=\"svelte-1uw9j0x\">\n<h3>Chargeur 36V 2A pour batterie de v\u00e9lo \u00e9lectrique prise Jack DC 2.1mm<\/h3>\n<p>Ce chargeur de batterie Lithium est destin\u00e9e aux v\u00e9los ou aux batteries n\u00e9cessitant une tension de charge maximum de 42V.<\/p>\n<h4>Avantages du chargeur<\/h4>\n<ul>\n<li>2 fois plus rapide que la pluplart des chargeurs du march\u00e9<\/li>\n<li>Compact et l\u00e9ger<\/li>\n<li>Totalement silencieux<\/li>\n<li>Indicateur de chargement sur le dessus du chargeur<\/li>\n<\/ul>\n<\/div>\n<\/div>\n<\/div>\n<div id=\"ProductFunctionalities-8898de662bbe615edc8d3982473eeb394d01021f\" class=\"floor product-functionalities-floor vtmn-max-w-lg vtmn-max-w-full floor--expanded container svelte-kmv775\">\n<h2 class=\"floor-title vtmn-typo_title-4 vtmn-y-0 gt-tablet:vtmn-mt-6 gt-tablet:vtmn-mb-6 title__position--center svelte-kmv775\" tabindex=\"0\" role=\"button\"><span id=\"floor-e6af7ffd-cf18-4527-94e9-505b7339cc17\" class=\"svelte-kmv775\" role=\"presentation\">Informations techniques<\/span><\/h2>\n<div class=\"floor-content svelte-kmv775\">\n<div class=\"collapse-wrapper svelte-1oe98l6 expandable expanded\">\n<div class=\"content\">\n<div class=\"tech-info vtmn-py-5 svelte-wahzr3\">\n<h3 class=\"vtmn-typo_title-5 vtmn-mt-0 svelte-wahzr3\">largeur (en cm)<\/h3>\n<p class=\"vtmn-m-0 vtmn-break-words\">7,5 cm<\/p>\n<\/div>\n<div class=\"tech-info vtmn-py-5 svelte-wahzr3\">\n<h3 class=\"vtmn-typo_title-5 vtmn-mt-0 svelte-wahzr3\">hauteur (en cm)<\/h3>\n<p class=\"vtmn-m-0 vtmn-break-words\">4,2 cm<\/p>\n<\/div>\n<div class=\"tech-info vtmn-py-5 svelte-wahzr3\">\n<h3 class=\"vtmn-typo_title-5 vtmn-mt-0 svelte-wahzr3\">longueur (en cm)<\/h3>\n<p class=\"vtmn-m-0 vtmn-break-words\">18 cm<\/p>\n<\/div>\n<div class=\"tech-info vtmn-py-5 svelte-wahzr3\">\n<h3 class=\"vtmn-typo_title-5 vtmn-mt-0 svelte-wahzr3\">\u00e9tat<\/h3>\n<p class=\"vtmn-m-0 vtmn-break-words\">neuf<\/p>\n<\/div>\n<\/div>\n<\/div>\n<\/div>\n<\/div>","protected":false},"excerpt":{"rendered":"<p class=\"vtmn-text-base vtmn-mb-0 vtmn-mt-2\">Chargeur 36V 2A, l\u00e9ger et silencieux pour batterie Lithium 36 V de v\u00e9lo \u00e9lectrique. Ce chargeur 36V 2A est tr\u00e8s compact. Tension de charge max = 42V Types de connecteur de charge : Jack DC 2.1mm<\/p>","protected":false},"featured_media":12491,"comment_status":"open","ping_status":"closed","template":"","meta":{"inline_featured_image":false},"product_cat":[184,183],"product_tag":[],"class_list":{"0":"post-3224","1":"product","2":"type-product","3":"status-publish","4":"has-post-thumbnail","6":"product_cat-accessoires-de-velo","7":"product_cat-accessories","9":"first","10":"instock","11":"taxable","12":"shipping-taxable","13":"purchasable","14":"product-type-simple"},"_links":{"self":[{"href":"https:\/\/mobilobike.com\/fr\/wp-json\/wp\/v2\/product\/3224","targetHints":{"allow":["GET"]}}],"collection":[{"href":"https:\/\/mobilobike.com\/fr\/wp-json\/wp\/v2\/product"}],"about":[{"href":"https:\/\/mobilobike.com\/fr\/wp-json\/wp\/v2\/types\/product"}],"replies":[{"embeddable":true,"href":"https:\/\/mobilobike.com\/fr\/wp-json\/wp\/v2\/comments?post=3224"}],"version-history":[{"count":1,"href":"https:\/\/mobilobike.com\/fr\/wp-json\/wp\/v2\/product\/3224\/revisions"}],"predecessor-version":[{"id":12492,"href":"https:\/\/mobilobike.com\/fr\/wp-json\/wp\/v2\/product\/3224\/revisions\/12492"}],"wp:featuredmedia":[{"embeddable":true,"href":"https:\/\/mobilobike.com\/fr\/wp-json\/wp\/v2\/media\/12491"}],"wp:attachment":[{"href":"https:\/\/mobilobike.com\/fr\/wp-json\/wp\/v2\/media?parent=3224"}],"wp:term":[{"taxonomy":"product_cat","embeddable":true,"href":"https:\/\/mobilobike.com\/fr\/wp-json\/wp\/v2\/product_cat?post=3224"},{"taxonomy":"product_tag","embeddable":true,"href":"https:\/\/mobilobike.com\/fr\/wp-json\/wp\/v2\/product_tag?post=3224"}],"curies":[{"name":"wp","href":"https:\/\/api.w.org\/{rel}","templated":true}]}}