{"id":3226,"date":"2025-03-04T06:00:40","date_gmt":"2025-03-04T06:00:40","guid":{"rendered":"https:\/\/mobilobike.com\/?post_type=product&#038;p=3226"},"modified":"2025-08-15T14:40:18","modified_gmt":"2025-08-15T14:40:18","slug":"sacoche-velo-porte-bagage-etanche-40l","status":"publish","type":"product","link":"https:\/\/mobilobike.com\/fr\/produit\/sacoche-velo-porte-bagage-etanche-40l\/","title":{"rendered":"Sacoche v\u00e9lo porte bagage \u00e9tanche 40L"},"content":{"rendered":"<div id=\"MarketplaceProductDescription-c796bc48ce0427bde8f1f9690ae2565e18ef92a0\" class=\"floor container-small floor--expanded container svelte-kmv775\">\n<h2 class=\"floor-title vtmn-typo_title-4 vtmn-y-0 gt-tablet:vtmn-mt-6 gt-tablet:vtmn-mb-6 title__position--center svelte-kmv775\" tabindex=\"0\" role=\"button\"><span id=\"floor-f67eb5dc-1a1f-4895-ac42-c8f0eff763bb\" class=\"svelte-kmv775\" role=\"presentation\">Description<\/span><\/h2>\n<div class=\"floor-content svelte-kmv775\">\n<div class=\"svelte-1uw9j0x\">\n<p>GRANDE CAPACIT\u00c9: Dot\u00e9e d&rsquo;une grande capacit\u00e9 de\u00a0<strong>40 litres (2 x 20 L)<\/strong>, cette sacoche arri\u00e8re \u00e0 pont offre amplement d&rsquo;espace pour accueillir vos affaires personnelles. Cet accessoire velo est adapt\u00e9 \u00e0 tous types de sorties \u00e0 velos : quotidien, balades, longues sorties, cyclotourisme. La sacoche velo arriere est con\u00e7ue avec des dimensions de\u00a0<strong>34 cm en longueur, 16 cm en largeur et 35 cm en hauteur<\/strong>.<\/p>\n<p>COMPATIBILIT\u00c9: La sacoche v\u00e9lo s&rsquo;adapte parfaitement aux\u00a0<strong>porte bagages v\u00e9lo arri\u00e8re<\/strong>\u00a0des\u00a0<strong>v\u00e9los \u00e9lectriques, VTT, VTC, v\u00e9lo de ville, v\u00e9lo pliant<\/strong>, offrant ainsi une solution pratique et fonctionnelle pour les cyclistes modernes.<\/p>\n<p>PRACTICIT\u00c9: Dot\u00e9e d&rsquo;une\u00a0<strong>anse de portage au niveau du pont<\/strong>, la sacoche v\u00e9lo porte bagage arri\u00e8re offre une solution rapide et facile pour d\u00e9tacher et transporter la sacoche \u00e0 la main lors de vos arr\u00eats. Les\u00a0<strong>deux sacoches lat\u00e9rales de 20 L chacune<\/strong>\u00a0sont \u00e9quip\u00e9es d&rsquo;un\u00a0<strong>renfort int\u00e9rieur rigide<\/strong>\u00a0assurant une structure solide qui pr\u00e9serve l&rsquo;int\u00e9grit\u00e9 des objets transport\u00e9s. De plus, une\u00a0<strong>poche frontale zipp\u00e9e<\/strong>\u00a0offre un espace suppl\u00e9mentaire et un acc\u00e8s rapide \u00e0 vos affaires personnelles.<\/p>\n<p>INSTALLATION FACILE: Cet accessoire v\u00e9lo s&rsquo;installe rapidement sur le\u00a0<strong>porte-bagage arri\u00e8re<\/strong>\u00a0de votre v\u00e9lo \u00e0 l&rsquo;aide de\u00a0<strong>sangles et de boucles de serrage<\/strong>, garantissant une stabilit\u00e9 s\u00e9curis\u00e9e pendant vos trajets \u00e0 v\u00e9los. La combinaison d&rsquo;un syst\u00e8me de\u00a0<strong>fermeture \u00e0 rouler et d&rsquo;une boucle r\u00e9glable<\/strong>\u00a0simplifie le processus de fermeture.<\/p>\n<p>S\u00c9CURIT\u00c9: Dot\u00e9e de\u00a0<strong>bandes r\u00e9fl\u00e9chissantes<\/strong>\u00a0positionn\u00e9es strat\u00e9giquement sur les 2 sacoches, cette sacoche velo\u00a0<strong>am\u00e9liorent votre visibilit\u00e9<\/strong>\u00a0et assure une pr\u00e9sence remarqu\u00e9e sur la route, en particulier dans des conditions de faible luminosit\u00e9. La sacoche arri\u00e8re porte bagage est fabriqu\u00e9e en\u00a0<strong>PVC<\/strong>, une mati\u00e8re qui assure une\u00a0<strong>imperm\u00e9abilit\u00e9 totale<\/strong>, pr\u00e9servant ainsi le contenu de la sacoche des intemp\u00e9ries. En outre, la sacoche est \u00e9quip\u00e9e d&rsquo;une\u00a0<strong>fermeture \u00e0 rouler<\/strong>, une solution pratique qui renforce l&rsquo;\u00e9tanch\u00e9it\u00e9 en emp\u00eachant l&rsquo;eau de p\u00e9n\u00e9trer par les ouvertures.<\/p>\n<pre>100% waterproof. Sans coutures - totalement herm\u00e9tique. Fixation sur porte-bagages par sangles et boucles. Renfort int\u00e9rieurs rigides. Poche frontale zipp\u00e9e - fermeture waterproof. Syst\u00e8me de fermeture \u00e0 rouler + boucle r\u00e9glable. Anse de portage pour utilisation hors v\u00e9lo. Bande r\u00e9fl\u00e9chissante sur les c\u00f4t\u00e9s. Contenance : 20 litres x 2. Dimensions : 34 cm x 35 cm x 16 cm.<\/pre>\n<\/div>\n<\/div>\n<\/div>\n<div id=\"ProductFunctionalities-8898de662bbe615edc8d3982473eeb394d01021f\" class=\"floor product-functionalities-floor vtmn-max-w-lg vtmn-max-w-full floor--expanded container svelte-kmv775\">\n<h2 class=\"floor-title vtmn-typo_title-4 vtmn-y-0 gt-tablet:vtmn-mt-6 gt-tablet:vtmn-mb-6 title__position--center svelte-kmv775\" tabindex=\"0\" role=\"button\"><span id=\"floor-18892b2d-5b89-4b35-8a43-9432eb8b7ff7\" class=\"svelte-kmv775\" role=\"presentation\">Informations techniques<\/span><\/h2>\n<div class=\"floor-content svelte-kmv775\">\n<div class=\"collapse-wrapper svelte-1oe98l6\">\n<div class=\"content\">\n<div class=\"tech-info vtmn-py-5 svelte-wahzr3\">\n<h3 class=\"vtmn-typo_title-5 vtmn-mt-0 svelte-wahzr3\">volume (en L)<\/h3>\n<p class=\"vtmn-m-0 vtmn-break-words\">20 L<\/p>\n<\/div>\n<div class=\"tech-info vtmn-py-5 svelte-wahzr3\">\n<h3 class=\"vtmn-typo_title-5 vtmn-mt-0 svelte-wahzr3\">\u00e9tat<\/h3>\n<p class=\"vtmn-m-0 vtmn-break-words\">neuf<\/p>\n<\/div>\n<\/div>\n<\/div>\n<\/div>\n<\/div>","protected":false},"excerpt":{"rendered":"<p class=\"vtmn-text-base vtmn-mb-0 vtmn-mt-2\">La sacoche \u00e0 pont offre une capacit\u00e9 de 40 L, un renfort int\u00e9rieur rigide et une \u00e9tanch\u00e9it\u00e9 totale pour prot\u00e9ger vos affaires. Compatible avec v\u00e9los \u00e9lectriques, VTT, VTC, v\u00e9lo de ville, v\u00e9lo pliant\u2026<\/p>","protected":false},"featured_media":12493,"comment_status":"open","ping_status":"closed","template":"","meta":{"inline_featured_image":false},"product_cat":[184,183],"product_tag":[],"class_list":{"0":"post-3226","1":"product","2":"type-product","3":"status-publish","4":"has-post-thumbnail","6":"product_cat-accessoires-de-velo","7":"product_cat-accessories","9":"first","10":"instock","11":"taxable","12":"shipping-taxable","13":"purchasable","14":"product-type-simple"},"_links":{"self":[{"href":"https:\/\/mobilobike.com\/fr\/wp-json\/wp\/v2\/product\/3226","targetHints":{"allow":["GET"]}}],"collection":[{"href":"https:\/\/mobilobike.com\/fr\/wp-json\/wp\/v2\/product"}],"about":[{"href":"https:\/\/mobilobike.com\/fr\/wp-json\/wp\/v2\/types\/product"}],"replies":[{"embeddable":true,"href":"https:\/\/mobilobike.com\/fr\/wp-json\/wp\/v2\/comments?post=3226"}],"version-history":[{"count":1,"href":"https:\/\/mobilobike.com\/fr\/wp-json\/wp\/v2\/product\/3226\/revisions"}],"predecessor-version":[{"id":12494,"href":"https:\/\/mobilobike.com\/fr\/wp-json\/wp\/v2\/product\/3226\/revisions\/12494"}],"wp:featuredmedia":[{"embeddable":true,"href":"https:\/\/mobilobike.com\/fr\/wp-json\/wp\/v2\/media\/12493"}],"wp:attachment":[{"href":"https:\/\/mobilobike.com\/fr\/wp-json\/wp\/v2\/media?parent=3226"}],"wp:term":[{"taxonomy":"product_cat","embeddable":true,"href":"https:\/\/mobilobike.com\/fr\/wp-json\/wp\/v2\/product_cat?post=3226"},{"taxonomy":"product_tag","embeddable":true,"href":"https:\/\/mobilobike.com\/fr\/wp-json\/wp\/v2\/product_tag?post=3226"}],"curies":[{"name":"wp","href":"https:\/\/api.w.org\/{rel}","templated":true}]}}